{"id":1727,"date":"2021-03-15T16:47:35","date_gmt":"2021-03-15T15:47:35","guid":{"rendered":"http:\/\/natur.biebertaler-bilderbogen.de\/?page_id=1727"},"modified":"2023-08-14T23:43:27","modified_gmt":"2023-08-14T21:43:27","slug":"friedhoefe","status":"publish","type":"page","link":"https:\/\/natur.bibibo.info\/?page_id=1727","title":{"rendered":"Friedh\u00f6fe &#8211; Beitrags-\u00dcbersicht"},"content":{"rendered":"\n<p class=\"has-text-align-center has-light-gray-background-color has-background\"><strong>Auf dieser Seite geht es vor allem um Tiere und Pflanzen auf den Biebertaler Friedh\u00f6fen<\/strong><\/p>\n\n\n\n<figure class=\"wp-block-image size-large\"><img loading=\"lazy\" decoding=\"async\" width=\"1024\" height=\"78\" src=\"https:\/\/natur.bibibo.info\/wp-content\/uploads\/2023\/08\/Screenshot-2023-08-08-103342-1024x78.jpg\" alt=\"\" class=\"wp-image-20313\" srcset=\"https:\/\/natur.bibibo.info\/wp-content\/uploads\/2023\/08\/Screenshot-2023-08-08-103342-1024x78.jpg 1024w, https:\/\/natur.bibibo.info\/wp-content\/uploads\/2023\/08\/Screenshot-2023-08-08-103342-300x23.jpg 300w, https:\/\/natur.bibibo.info\/wp-content\/uploads\/2023\/08\/Screenshot-2023-08-08-103342-768x58.jpg 768w, https:\/\/natur.bibibo.info\/wp-content\/uploads\/2023\/08\/Screenshot-2023-08-08-103342.jpg 1398w\" sizes=\"auto, (max-width: 1024px) 100vw, 1024px\" \/><\/figure>\n\n\n\n<div class=\"wp-block-columns is-layout-flex wp-container-core-columns-is-layout-28f84493 wp-block-columns-is-layout-flex\">\n<div class=\"wp-block-column is-layout-flow wp-block-column-is-layout-flow\">\n<figure class=\"wp-block-image aligncenter size-full\"><img loading=\"lazy\" decoding=\"async\" width=\"242\" height=\"181\" src=\"https:\/\/natur.bibibo.info\/wp-content\/uploads\/2023\/08\/runder-Friedhof-Bieber.webp\" alt=\"\" class=\"wp-image-20296\"\/><\/figure>\n<\/div>\n\n\n\n<div class=\"wp-block-column is-layout-flow wp-block-column-is-layout-flow\">\n<p>&#8211; <strong><a rel=\"noreferrer noopener\" href=\"https:\/\/nachrichten.biebertaler-bilderbogen.de\/friedhoefe-in-biebertal\/\" target=\"_blank\">Friedh\u00f6fe in Biebertal<\/a><\/strong><br>&#8211; <strong><a rel=\"noreferrer noopener\" href=\"https:\/\/nachrichten.biebertaler-bilderbogen.de\/friedhoefe-in-biebertal-2-2\/\" target=\"_blank\">Biebertaler Friedh\u00f6fe<\/a><\/strong> &#8211; Statistik<br>&#8211; <strong><a rel=\"noreferrer noopener\" href=\"https:\/\/natur.bibibo.info\/hier-blueht-uns-was\/der-friedhof-ist-kein-toter-ort\/\" target=\"_blank\">Der Friedhof ist kein toter Ort<\/a><\/strong><br>&#8211; <strong><a rel=\"noreferrer noopener\" href=\"https:\/\/nachrichten.biebertaler-bilderbogen.de\/friedhofsblumen\/\" target=\"_blank\">Friedhofsblumen<\/a><\/strong><\/p>\n<\/div>\n<\/div>\n","protected":false},"excerpt":{"rendered":"<p>Auf dieser Seite geht es vor allem um Tiere und Pflanzen auf den Biebertaler Friedh\u00f6fen &#8211; Friedh\u00f6fe in Biebertal&#8211; Biebertaler Friedh\u00f6fe &#8211; Statistik&#8211; Der Friedhof ist kein toter Ort&#8211; Friedhofsblumen<\/p>\n","protected":false},"author":2,"featured_media":0,"parent":0,"menu_order":0,"comment_status":"closed","ping_status":"closed","template":"","meta":{"inspiro_hide_title":false,"footnotes":""},"class_list":["post-1727","page","type-page","status-publish","hentry"],"_links":{"self":[{"href":"https:\/\/natur.bibibo.info\/index.php?rest_route=\/wp\/v2\/pages\/1727","targetHints":{"allow":["GET"]}}],"collection":[{"href":"https:\/\/natur.bibibo.info\/index.php?rest_route=\/wp\/v2\/pages"}],"about":[{"href":"https:\/\/natur.bibibo.info\/index.php?rest_route=\/wp\/v2\/types\/page"}],"author":[{"embeddable":true,"href":"https:\/\/natur.bibibo.info\/index.php?rest_route=\/wp\/v2\/users\/2"}],"replies":[{"embeddable":true,"href":"https:\/\/natur.bibibo.info\/index.php?rest_route=%2Fwp%2Fv2%2Fcomments&post=1727"}],"version-history":[{"count":6,"href":"https:\/\/natur.bibibo.info\/index.php?rest_route=\/wp\/v2\/pages\/1727\/revisions"}],"predecessor-version":[{"id":20491,"href":"https:\/\/natur.bibibo.info\/index.php?rest_route=\/wp\/v2\/pages\/1727\/revisions\/20491"}],"wp:attachment":[{"href":"https:\/\/natur.bibibo.info\/index.php?rest_route=%2Fwp%2Fv2%2Fmedia&parent=1727"}],"curies":[{"name":"wp","href":"https:\/\/api.w.org\/{rel}","templated":true}]}}