{"id":20405,"date":"2023-08-14T17:04:15","date_gmt":"2023-08-14T15:04:15","guid":{"rendered":"https:\/\/natur.bibibo.de\/?page_id=20405"},"modified":"2026-05-03T13:08:12","modified_gmt":"2026-05-03T11:08:12","slug":"wetter","status":"publish","type":"page","link":"https:\/\/natur.bibibo.info\/?page_id=20405","title":{"rendered":"Wetter &#8211; Beitrags-\u00dcbersicht"},"content":{"rendered":"\n<div class=\"wp-block-columns is-layout-flex wp-container-core-columns-is-layout-28f84493 wp-block-columns-is-layout-flex\">\n<div class=\"wp-block-column is-layout-flow wp-block-column-is-layout-flow\" style=\"flex-basis:66.66%\">\n<p>Als&nbsp;<a href=\"https:\/\/de.wikipedia.org\/wiki\/Wetter\"><strong>Wetter<\/strong>&nbsp;<\/a>(von&nbsp;<a href=\"https:\/\/de.wikipedia.org\/wiki\/Althochdeutsch\">althochdeutsch<\/a>&nbsp;<em>wetar<\/em>&nbsp;\u201eWind, Wehen\u201c) <br>bezeichnet man den sp\u00fcrbaren, kurzfristigen Zustand der&nbsp;<strong><a href=\"https:\/\/de.wikipedia.org\/wiki\/Erdatmosph%C3%A4re\">Atmosph\u00e4re<\/a><\/strong> <br>an einem bestimmten Ort der&nbsp;<a href=\"https:\/\/de.wikipedia.org\/wiki\/Erdoberfl%C3%A4che\"><strong>Erdoberfl\u00e4che<\/strong><\/a>, <br>der unter anderem als <a href=\"https:\/\/de.wikipedia.org\/wiki\/Bew%C3%B6lkung\">Bew\u00f6lkung<\/a> und als <a href=\"https:\/\/de.wikipedia.org\/wiki\/Sonnenschein\">Sonnenschein<\/a>,&nbsp;<a href=\"https:\/\/de.wikipedia.org\/wiki\/Regen\">Regen<\/a>,&nbsp;<a href=\"https:\/\/de.wikipedia.org\/wiki\/Wind\">Wind<\/a>,&nbsp;<a href=\"https:\/\/de.wikipedia.org\/wiki\/Hitze\">Hitze<\/a>&nbsp;oder&nbsp;<a href=\"https:\/\/de.wikipedia.org\/wiki\/W%C3%A4rme\">K\u00e4lte<\/a>&nbsp;in Erscheinung tritt.<\/p>\n<\/div>\n\n\n\n<div class=\"wp-block-column is-layout-flow wp-block-column-is-layout-flow\" style=\"flex-basis:33.33%\">\n<h4 class=\"wp-block-heading has-peppermint-background-color has-background\">Bitte folgen Sie den Links<\/h4>\n<\/div>\n<\/div>\n\n\n\n<div class=\"wp-block-columns is-layout-flex wp-container-core-columns-is-layout-28f84493 wp-block-columns-is-layout-flex\">\n<div class=\"wp-block-column is-layout-flow wp-block-column-is-layout-flow\">\n<figure class=\"wp-block-image size-large\"><img loading=\"lazy\" decoding=\"async\" width=\"1024\" height=\"576\" src=\"https:\/\/natur.bibibo.info\/wp-content\/uploads\/2026\/05\/IMG-20200412-WA0024-1024x576.jpg\" alt=\"\" class=\"wp-image-21235\" srcset=\"https:\/\/natur.bibibo.info\/wp-content\/uploads\/2026\/05\/IMG-20200412-WA0024-1024x576.jpg 1024w, https:\/\/natur.bibibo.info\/wp-content\/uploads\/2026\/05\/IMG-20200412-WA0024-300x169.jpg 300w, https:\/\/natur.bibibo.info\/wp-content\/uploads\/2026\/05\/IMG-20200412-WA0024-768x432.jpg 768w, https:\/\/natur.bibibo.info\/wp-content\/uploads\/2026\/05\/IMG-20200412-WA0024-1536x864.jpg 1536w, https:\/\/natur.bibibo.info\/wp-content\/uploads\/2026\/05\/IMG-20200412-WA0024-1000x563.jpg 1000w, https:\/\/natur.bibibo.info\/wp-content\/uploads\/2026\/05\/IMG-20200412-WA0024-996x560.jpg 996w, https:\/\/natur.bibibo.info\/wp-content\/uploads\/2026\/05\/IMG-20200412-WA0024-600x338.jpg 600w, https:\/\/natur.bibibo.info\/wp-content\/uploads\/2026\/05\/IMG-20200412-WA0024.jpg 1600w\" sizes=\"auto, (max-width: 1024px) 100vw, 1024px\" \/><\/figure>\n<\/div>\n\n\n\n<div class=\"wp-block-column is-layout-flow wp-block-column-is-layout-flow\">\n<figure class=\"wp-block-image size-large\"><img loading=\"lazy\" decoding=\"async\" width=\"1024\" height=\"614\" src=\"https:\/\/natur.bibibo.info\/wp-content\/uploads\/2026\/05\/Cloud_types_de.svg_-1024x614.png\" alt=\"\" class=\"wp-image-21233\" srcset=\"https:\/\/natur.bibibo.info\/wp-content\/uploads\/2026\/05\/Cloud_types_de.svg_-1024x614.png 1024w, https:\/\/natur.bibibo.info\/wp-content\/uploads\/2026\/05\/Cloud_types_de.svg_-300x180.png 300w, https:\/\/natur.bibibo.info\/wp-content\/uploads\/2026\/05\/Cloud_types_de.svg_-768x461.png 768w, https:\/\/natur.bibibo.info\/wp-content\/uploads\/2026\/05\/Cloud_types_de.svg_-1536x922.png 1536w, https:\/\/natur.bibibo.info\/wp-content\/uploads\/2026\/05\/Cloud_types_de.svg_-2048x1229.png 2048w, https:\/\/natur.bibibo.info\/wp-content\/uploads\/2026\/05\/Cloud_types_de.svg_-2000x1200.png 2000w, https:\/\/natur.bibibo.info\/wp-content\/uploads\/2026\/05\/Cloud_types_de.svg_-1000x600.png 1000w, https:\/\/natur.bibibo.info\/wp-content\/uploads\/2026\/05\/Cloud_types_de.svg_-1800x1080.png 1800w, https:\/\/natur.bibibo.info\/wp-content\/uploads\/2026\/05\/Cloud_types_de.svg_-933x560.png 933w, https:\/\/natur.bibibo.info\/wp-content\/uploads\/2026\/05\/Cloud_types_de.svg_-600x360.png 600w\" sizes=\"auto, (max-width: 1024px) 100vw, 1024px\" \/><\/figure>\n<\/div>\n<\/div>\n\n\n\n<div class=\"wp-block-columns is-layout-flex wp-container-core-columns-is-layout-28f84493 wp-block-columns-is-layout-flex\">\n<div class=\"wp-block-column is-layout-flow wp-block-column-is-layout-flow\">\n<p style=\"font-size:12px\"><strong>Foto: W. Senger<\/strong><\/p>\n<\/div>\n\n\n\n<div class=\"wp-block-column is-layout-flow wp-block-column-is-layout-flow\">\n<p style=\"font-size:12px\"><strong>Bildquelle: <a href=\"https:\/\/de.wikipedia.org\/wiki\/Wolke#\/media\/Datei:Cloud_types_de.svg\" target=\"_blank\" rel=\"noreferrer noopener\">Von Cloud types en.svg: Valentin de<\/a><\/strong><\/p>\n<\/div>\n<\/div>\n\n\n\n<div class=\"wp-block-columns is-layout-flex wp-container-core-columns-is-layout-28f84493 wp-block-columns-is-layout-flex\">\n<div class=\"wp-block-column is-layout-flow wp-block-column-is-layout-flow\">\n<h3 class=\"wp-block-heading has-text-align-center has-background\" style=\"background-color:#ec6071\">Wetterwarnhinweise<\/h3>\n<\/div>\n\n\n\n<div class=\"wp-block-column is-layout-flow wp-block-column-is-layout-flow\">\n<h3 class=\"wp-block-heading has-text-align-center has-titan-white-background-color has-background\">Weltraum<\/h3>\n<\/div>\n\n\n\n<div class=\"wp-block-column is-layout-flow wp-block-column-is-layout-flow\">\n<h3 class=\"wp-block-heading has-text-align-center has-background\" style=\"background-color:#a4baf1\">Wolkenbilder<\/h3>\n<\/div>\n<\/div>\n\n\n\n<div class=\"wp-block-columns is-layout-flex wp-container-core-columns-is-layout-28f84493 wp-block-columns-is-layout-flex\">\n<div class=\"wp-block-column is-layout-flow wp-block-column-is-layout-flow\">\n<p>&#8211; <mark><a href=\"https:\/\/www.wettergefahren.de\/warnungen\/warnsituation.html?ort=Biebertal\" target=\"_blank\" rel=\"noreferrer noopener\"><strong>Warnmeldungen des Deutschen Wetterdienstes<\/strong><\/a><\/mark><br>&#8211; <a href=\"https:\/\/www.wettergefahren.de\/warnungen\/indizes\/waldbrand.html\" target=\"_blank\" rel=\"noreferrer noopener\"><strong>Waldbrand-Gefahren-Index<\/strong><\/a><br>&#8211; <a href=\"https:\/\/www.wettergefahren.de\/warnungen\/warnsituation.html?ort=Biebertal\" target=\"_blank\" rel=\"noreferrer noopener\"><strong>Aktuelle Wetter-Gefahren<\/strong><\/a><br>&#8211; <strong><a href=\"https:\/\/natur.bibibo.info\/?p=2424\" target=\"_blank\" rel=\"noreferrer noopener\">Blitz-Monitor<\/a><\/strong><\/p>\n<\/div>\n\n\n\n<div class=\"wp-block-column is-layout-flow wp-block-column-is-layout-flow\">\n<p>&#8211; <strong><a href=\"https:\/\/natur.bibibo.info\/?p=21258\" target=\"_blank\" rel=\"noreferrer noopener\">Weltraumwetter<\/a><\/strong><\/p>\n<\/div>\n\n\n\n<div class=\"wp-block-column is-layout-flow wp-block-column-is-layout-flow\">\n<p>&#8211; <strong><a href=\"https:\/\/de.wikipedia.org\/wiki\/Wolke\" target=\"_blank\" rel=\"noreferrer noopener\">Wolken <\/a><\/strong>wikipedia<br>&#8211; <strong><a href=\"https:\/\/natur.bibibo.info\/?p=17374\" target=\"_blank\" rel=\"noreferrer noopener\">Altocumulus <\/a><\/strong>(mittlere Sch\u00e4fchenwolken)<br>&#8211; <strong><a href=\"https:\/\/natur.bibibo.info\/?p=2420\" target=\"_blank\" rel=\"noreferrer noopener\">Nimbostratus <\/a><\/strong>(klassische Regenwolke)<\/p>\n\n\n\n<p style=\"font-size:12px\"><\/p>\n<\/div>\n<\/div>\n\n\n\n<p><\/p>\n\n\n\n<p><\/p>\n","protected":false},"excerpt":{"rendered":"<p>Als&nbsp;Wetter&nbsp;(von&nbsp;althochdeutsch&nbsp;wetar&nbsp;\u201eWind, Wehen\u201c) bezeichnet man den sp\u00fcrbaren, kurzfristigen Zustand der&nbsp;Atmosph\u00e4re an einem bestimmten Ort der&nbsp;Erdoberfl\u00e4che, der unter anderem als Bew\u00f6lkung und als Sonnenschein,&nbsp;Regen,&nbsp;Wind,&nbsp;Hitze&nbsp;oder&nbsp;K\u00e4lte&nbsp;in Erscheinung tritt. Bitte folgen Sie den Links Foto: W. Senger Bildquelle: Von Cloud types en.svg: Valentin de Wetterwarnhinweise Weltraum Wolkenbilder &#8211; Warnmeldungen des Deutschen Wetterdienstes&#8211; Waldbrand-Gefahren-Index&#8211; Aktuelle Wetter-Gefahren&#8211; [&hellip;]<\/p>\n","protected":false},"author":7,"featured_media":0,"parent":0,"menu_order":0,"comment_status":"closed","ping_status":"closed","template":"","meta":{"inspiro_page_layout":"narrow","inspiro_hide_title":false,"footnotes":""},"class_list":["post-20405","page","type-page","status-publish","hentry"],"_links":{"self":[{"href":"https:\/\/natur.bibibo.info\/index.php?rest_route=\/wp\/v2\/pages\/20405","targetHints":{"allow":["GET"]}}],"collection":[{"href":"https:\/\/natur.bibibo.info\/index.php?rest_route=\/wp\/v2\/pages"}],"about":[{"href":"https:\/\/natur.bibibo.info\/index.php?rest_route=\/wp\/v2\/types\/page"}],"author":[{"embeddable":true,"href":"https:\/\/natur.bibibo.info\/index.php?rest_route=\/wp\/v2\/users\/7"}],"replies":[{"embeddable":true,"href":"https:\/\/natur.bibibo.info\/index.php?rest_route=%2Fwp%2Fv2%2Fcomments&post=20405"}],"version-history":[{"count":9,"href":"https:\/\/natur.bibibo.info\/index.php?rest_route=\/wp\/v2\/pages\/20405\/revisions"}],"predecessor-version":[{"id":21262,"href":"https:\/\/natur.bibibo.info\/index.php?rest_route=\/wp\/v2\/pages\/20405\/revisions\/21262"}],"wp:attachment":[{"href":"https:\/\/natur.bibibo.info\/index.php?rest_route=%2Fwp%2Fv2%2Fmedia&parent=20405"}],"curies":[{"name":"wp","href":"https:\/\/api.w.org\/{rel}","templated":true}]}}