{"id":2264,"date":"2022-03-27T11:58:41","date_gmt":"2022-03-27T09:58:41","guid":{"rendered":"https:\/\/natur.biebertaler-bilderbogen.de\/?page_id=2264"},"modified":"2026-05-03T12:23:37","modified_gmt":"2026-05-03T10:23:37","slug":"phaenologie","status":"publish","type":"page","link":"https:\/\/natur.bibibo.info\/?page_id=2264","title":{"rendered":"Ph\u00e4nologie &#8211; Beitrags-\u00dcbersicht"},"content":{"rendered":"\n<div class=\"wp-block-columns is-layout-flex wp-container-core-columns-is-layout-28f84493 wp-block-columns-is-layout-flex\">\n<div class=\"wp-block-column is-layout-flow wp-block-column-is-layout-flow\" style=\"flex-basis:66.66%\">\n<figure class=\"wp-block-image size-full is-resized\"><img loading=\"lazy\" decoding=\"async\" width=\"344\" height=\"253\" src=\"https:\/\/natur.bibibo.info\/wp-content\/uploads\/2023\/08\/phaenologische-Uhr.webp\" alt=\"\" class=\"wp-image-20507\" style=\"aspect-ratio:1.359706009511457;width:620px;height:auto\" srcset=\"https:\/\/natur.bibibo.info\/wp-content\/uploads\/2023\/08\/phaenologische-Uhr.webp 344w, https:\/\/natur.bibibo.info\/wp-content\/uploads\/2023\/08\/phaenologische-Uhr-300x221.webp 300w\" sizes=\"auto, (max-width: 344px) 100vw, 344px\" \/><\/figure>\n<\/div>\n\n\n\n<div class=\"wp-block-column is-layout-flow wp-block-column-is-layout-flow\" style=\"flex-basis:33.33%\">\n<h4 class=\"wp-block-heading has-peppermint-background-color has-background\">Bitte folgen Sie den Links<\/h4>\n<\/div>\n<\/div>\n\n\n\n<div class=\"wp-block-columns is-layout-flex wp-container-core-columns-is-layout-28f84493 wp-block-columns-is-layout-flex\">\n<div class=\"wp-block-column is-layout-flow wp-block-column-is-layout-flow\">\n<h3 class=\"wp-block-heading has-text-align-center has-bridesmaid-background-color has-background\">Begriffkl\u00e4rung<\/h3>\n\n\n\n<ul class=\"wp-block-list\">\n<li><strong><a href=\"https:\/\/nachrichten.biebertaler-bilderbogen.de\/was-ist-phaenologie\/\" target=\"_blank\" rel=\"noreferrer noopener\">Was ist Ph\u00e4nologie?<\/a><\/strong><\/li>\n\n\n\n<li><strong><a href=\"https:\/\/natur.bibibo.info\/?p=47\" target=\"_blank\" rel=\"noreferrer noopener\">10 Jahreszeiten der Ph\u00e4nologie<\/a><\/strong><\/li>\n<\/ul>\n<\/div>\n\n\n\n<div class=\"wp-block-column is-layout-flow wp-block-column-is-layout-flow\">\n<h3 class=\"wp-block-heading has-text-align-center has-peppermint-background-color has-background\">Ph\u00e4nologische Jahreszeiten<\/h3>\n\n\n\n<p>&#8211; <strong><a href=\"https:\/\/natur.bibibo.info\/?p=2353\" target=\"_blank\" rel=\"noreferrer noopener\">Winter<\/a><\/strong><br>&#8211; <strong><a href=\"https:\/\/natur.bibibo.info\/?p=147\" target=\"_blank\" rel=\"noreferrer noopener\">Sp\u00e4therbst<\/a><\/strong><br>&#8211; <strong><a href=\"https:\/\/natur.bibibo.info\/?p=2352\" target=\"_blank\" rel=\"noreferrer noopener\">Vollherbst<\/a><\/strong><br>&#8211;<a href=\"https:\/\/natur.bibibo.info\/?p=133\" target=\"_blank\" rel=\"noreferrer noopener\"> <strong>Fr\u00fchherbst<\/strong><\/a><br>&#8211; <strong><a href=\"https:\/\/natur.bibibo.info\/?p=17381\" target=\"_blank\" rel=\"noreferrer noopener\">Sp\u00e4tsommer<\/a><\/strong><br>&#8211; <strong><a href=\"https:\/\/natur.bibibo.info\/?p=100\" target=\"_blank\" rel=\"noreferrer noopener\">Hochsommer<\/a><\/strong><br>&#8211; <strong><a href=\"https:\/\/natur.bibibo.info\/?p=2346\" target=\"_blank\" rel=\"noreferrer noopener\">Fr\u00fchsommer<\/a><\/strong><br>&#8211; <strong><a href=\"https:\/\/natur.bibibo.info\/?p=2345\" target=\"_blank\" rel=\"noreferrer noopener\">Vollfr\u00fchling<\/a><\/strong><br>&#8211; <strong><a href=\"https:\/\/natur.bibibo.info\/?p=2344\" target=\"_blank\" rel=\"noreferrer noopener\">Erstfr\u00fchling<\/a><\/strong><br>&#8211; <strong><a href=\"https:\/\/natur.bibibo.info\/?p=52\" target=\"_blank\" rel=\"noreferrer noopener\">Vorfr\u00fchlingsende<\/a><\/strong><br>&#8211; <a href=\"https:\/\/nachrichten.biebertaler-bilderbogen.de\/vorfruehling-2-winterlinge\/\" target=\"_blank\" rel=\"noreferrer noopener\"><strong>Vorfr\u00fchling<\/strong> 2<\/a><br>&#8211; <a href=\"https:\/\/natur.bibibo.info\/?p=24\" target=\"_blank\" rel=\"noreferrer noopener\"><strong>Vorfr\u00fchling <\/strong>1<\/a><\/p>\n<\/div>\n\n\n\n<div class=\"wp-block-column is-layout-flow wp-block-column-is-layout-flow\">\n<h3 class=\"wp-block-heading has-text-align-center has-background\" style=\"background-color:#c1d1fb\">weitere Zusammenh\u00e4nge<\/h3>\n\n\n\n<p>&#8211; <strong><a href=\"https:\/\/nachrichten.biebertaler-bilderbogen.de\/mal-die-nacht-im-dunkeln-geniessen\/\" target=\"_blank\" rel=\"noreferrer noopener\">die Nacht im Dunkeln genie\u00dfen<\/a><\/strong><br>&#8211; <a href=\"https:\/\/nachrichten.biebertaler-bilderbogen.de\/1-2-jaehrlich-gruesst-das-murmeltier\/\" target=\"_blank\" rel=\"noreferrer noopener\"><strong>Zeitumstellung<\/strong><\/a><br>&#8211; <strong><a href=\"https:\/\/lindemann-selbstverlag.de\/medizin\/die-uhren-werden-umgestellt\/\" target=\"_blank\" rel=\"noreferrer noopener\">die Uhren werden umgestellt<\/a><\/strong><br>&#8211; <strong><a href=\"https:\/\/nachrichten.biebertaler-bilderbogen.de\/berufsverkehr-sommerzeit-und-wildwechsel\/\" target=\"_blank\" rel=\"noreferrer noopener\">Verkehr, Sommerzeit, Wildwechsel<\/a><\/strong><\/p>\n<\/div>\n<\/div>\n\n\n\n<p><\/p>\n","protected":false},"excerpt":{"rendered":"<p>Bitte folgen Sie den Links Begriffkl\u00e4rung Ph\u00e4nologische Jahreszeiten &#8211; Winter&#8211; Sp\u00e4therbst&#8211; Vollherbst&#8211; Fr\u00fchherbst&#8211; Sp\u00e4tsommer&#8211; Hochsommer&#8211; Fr\u00fchsommer&#8211; Vollfr\u00fchling&#8211; Erstfr\u00fchling&#8211; Vorfr\u00fchlingsende&#8211; Vorfr\u00fchling 2&#8211; Vorfr\u00fchling 1 weitere Zusammenh\u00e4nge &#8211; die Nacht im Dunkeln genie\u00dfen&#8211; Zeitumstellung&#8211; die Uhren werden umgestellt&#8211; Verkehr, Sommerzeit, Wildwechsel<\/p>\n","protected":false},"author":7,"featured_media":0,"parent":0,"menu_order":0,"comment_status":"closed","ping_status":"closed","template":"","meta":{"inspiro_page_layout":"narrow","inspiro_hide_title":false,"footnotes":""},"class_list":["post-2264","page","type-page","status-publish","hentry"],"_links":{"self":[{"href":"https:\/\/natur.bibibo.info\/index.php?rest_route=\/wp\/v2\/pages\/2264","targetHints":{"allow":["GET"]}}],"collection":[{"href":"https:\/\/natur.bibibo.info\/index.php?rest_route=\/wp\/v2\/pages"}],"about":[{"href":"https:\/\/natur.bibibo.info\/index.php?rest_route=\/wp\/v2\/types\/page"}],"author":[{"embeddable":true,"href":"https:\/\/natur.bibibo.info\/index.php?rest_route=\/wp\/v2\/users\/7"}],"replies":[{"embeddable":true,"href":"https:\/\/natur.bibibo.info\/index.php?rest_route=%2Fwp%2Fv2%2Fcomments&post=2264"}],"version-history":[{"count":10,"href":"https:\/\/natur.bibibo.info\/index.php?rest_route=\/wp\/v2\/pages\/2264\/revisions"}],"predecessor-version":[{"id":21248,"href":"https:\/\/natur.bibibo.info\/index.php?rest_route=\/wp\/v2\/pages\/2264\/revisions\/21248"}],"wp:attachment":[{"href":"https:\/\/natur.bibibo.info\/index.php?rest_route=%2Fwp%2Fv2%2Fmedia&parent=2264"}],"curies":[{"name":"wp","href":"https:\/\/api.w.org\/{rel}","templated":true}]}}