{"id":2278,"date":"2022-03-27T12:39:38","date_gmt":"2022-03-27T10:39:38","guid":{"rendered":"https:\/\/natur.biebertaler-bilderbogen.de\/?page_id=2278"},"modified":"2026-05-03T12:18:59","modified_gmt":"2026-05-03T10:18:59","slug":"der-duensberg","status":"publish","type":"page","link":"https:\/\/natur.bibibo.info\/?page_id=2278","title":{"rendered":"Natur am D\u00fcnsberg &#8211; Beitrags-\u00dcbersicht"},"content":{"rendered":"\n<div class=\"wp-block-columns is-layout-flex wp-container-core-columns-is-layout-28f84493 wp-block-columns-is-layout-flex\">\n<div class=\"wp-block-column is-layout-flow wp-block-column-is-layout-flow\" style=\"flex-basis:66.66%\">\n<p>Der D\u00fcnsberg ist vielerorts in unserem Online &#8222;Wickiped-biebertal&#8220; vertreten, so braucht unser Hausberg auch auf der Natur-Seite seinen herausragenden Platz.<\/p>\n\n\n\n<figure class=\"wp-block-image size-large\"><img loading=\"lazy\" decoding=\"async\" width=\"1024\" height=\"332\" src=\"https:\/\/natur.bibibo.info\/wp-content\/uploads\/2026\/05\/image-4-1024x332.png\" alt=\"\" class=\"wp-image-21121\" srcset=\"https:\/\/natur.bibibo.info\/wp-content\/uploads\/2026\/05\/image-4-1024x332.png 1024w, https:\/\/natur.bibibo.info\/wp-content\/uploads\/2026\/05\/image-4-300x97.png 300w, https:\/\/natur.bibibo.info\/wp-content\/uploads\/2026\/05\/image-4-768x249.png 768w, https:\/\/natur.bibibo.info\/wp-content\/uploads\/2026\/05\/image-4-1000x324.png 1000w, https:\/\/natur.bibibo.info\/wp-content\/uploads\/2026\/05\/image-4-600x194.png 600w, https:\/\/natur.bibibo.info\/wp-content\/uploads\/2026\/05\/image-4.png 1254w\" sizes=\"auto, (max-width: 1024px) 100vw, 1024px\" \/><\/figure>\n<\/div>\n\n\n\n<div class=\"wp-block-column is-layout-flow wp-block-column-is-layout-flow\" style=\"flex-basis:33.33%\">\n<h4 class=\"wp-block-heading has-peppermint-background-color has-background\">Bitte folgen Sie den Links<\/h4>\n<\/div>\n<\/div>\n\n\n\n<div class=\"wp-block-columns is-layout-flex wp-container-core-columns-is-layout-28f84493 wp-block-columns-is-layout-flex\">\n<div class=\"wp-block-column is-layout-flow wp-block-column-is-layout-flow\">\n<p>\u2013 <strong><a href=\"https:\/\/nachrichten.biebertaler-bilderbogen.de\/der-duensberg-ausflugsziel-mit-geschichte\/\" target=\"_blank\" rel=\"noreferrer noopener\">Ausflugsziel mit Geschichte<\/a><\/strong><br>\u2013&nbsp;<a href=\"https:\/\/nachrichten.biebertaler-bilderbogen.de\/archaeoloischer-wanderwerg-junior-am-duensberg\/\" target=\"_blank\" rel=\"noreferrer noopener\"><strong>Arch\u00e4ologischer Wanderweg<\/strong> <strong>Junior<\/strong><\/a><\/p>\n\n\n\n<p>\u2013&nbsp;<strong><a href=\"https:\/\/nachrichten.biebertaler-bilderbogen.de\/der-kraeutergarten-beim-keltengehoeft\/\" target=\"_blank\" rel=\"noreferrer noopener\">Kr\u00e4utergarten am Keltengeh\u00f6ft<\/a><\/strong><br><br><br><br><\/p>\n<\/div>\n\n\n\n<div class=\"wp-block-column is-layout-flow wp-block-column-is-layout-flow\">\n<p>&#8211; <strong><a href=\"https:\/\/natur.bibibo.info\/?p=17311\" target=\"_blank\" rel=\"noreferrer noopener\">Alpacca-Wanderungen<\/a> am D\u00fcnsberg<\/strong><br>&#8211; <strong><a href=\"https:\/\/nachrichten.biebertaler-bilderbogen.de\/winterwanderung\/\" target=\"_blank\" rel=\"noreferrer noopener\">Winterwanderung <\/a><\/strong><br><br><br><\/p>\n<\/div>\n\n\n\n<div class=\"wp-block-column is-layout-flow wp-block-column-is-layout-flow\">\n<p>\u2013&nbsp;<strong><a href=\"https:\/\/nachrichten.biebertaler-bilderbogen.de\/klimacamp-in-biebertal\/\" target=\"_blank\" rel=\"noreferrer noopener\">Klimacamp <\/a>am D\u00fcnsberg<\/strong><br>&#8211; <strong><a href=\"https:\/\/nachrichten.biebertaler-bilderbogen.de\/gemeinsam-fuer-den-wald\/\" target=\"_blank\" rel=\"noreferrer noopener\">Wiederaufforstung <\/a>am D\u00fcnsberg<\/strong><br><\/p>\n<\/div>\n<\/div>\n\n\n\n<p><\/p>\n","protected":false},"excerpt":{"rendered":"<p>Der D\u00fcnsberg ist vielerorts in unserem Online &#8222;Wickiped-biebertal&#8220; vertreten, so braucht unser Hausberg auch auf der Natur-Seite seinen herausragenden Platz. Bitte folgen Sie den Links \u2013 Ausflugsziel mit Geschichte\u2013&nbsp;Arch\u00e4ologischer Wanderweg Junior \u2013&nbsp;Kr\u00e4utergarten am Keltengeh\u00f6ft &#8211; Alpacca-Wanderungen am D\u00fcnsberg&#8211; Winterwanderung \u2013&nbsp;Klimacamp am D\u00fcnsberg&#8211; Wiederaufforstung am D\u00fcnsberg<\/p>\n","protected":false},"author":7,"featured_media":0,"parent":0,"menu_order":0,"comment_status":"closed","ping_status":"closed","template":"","meta":{"inspiro_page_layout":"narrow","inspiro_hide_title":false,"footnotes":""},"class_list":["post-2278","page","type-page","status-publish","hentry"],"_links":{"self":[{"href":"https:\/\/natur.bibibo.info\/index.php?rest_route=\/wp\/v2\/pages\/2278","targetHints":{"allow":["GET"]}}],"collection":[{"href":"https:\/\/natur.bibibo.info\/index.php?rest_route=\/wp\/v2\/pages"}],"about":[{"href":"https:\/\/natur.bibibo.info\/index.php?rest_route=\/wp\/v2\/types\/page"}],"author":[{"embeddable":true,"href":"https:\/\/natur.bibibo.info\/index.php?rest_route=\/wp\/v2\/users\/7"}],"replies":[{"embeddable":true,"href":"https:\/\/natur.bibibo.info\/index.php?rest_route=%2Fwp%2Fv2%2Fcomments&post=2278"}],"version-history":[{"count":8,"href":"https:\/\/natur.bibibo.info\/index.php?rest_route=\/wp\/v2\/pages\/2278\/revisions"}],"predecessor-version":[{"id":21241,"href":"https:\/\/natur.bibibo.info\/index.php?rest_route=\/wp\/v2\/pages\/2278\/revisions\/21241"}],"wp:attachment":[{"href":"https:\/\/natur.bibibo.info\/index.php?rest_route=%2Fwp%2Fv2%2Fmedia&parent=2278"}],"curies":[{"name":"wp","href":"https:\/\/api.w.org\/{rel}","templated":true}]}}